{"id":452,"date":"2019-11-20T11:15:37","date_gmt":"2019-11-20T11:15:37","guid":{"rendered":"https:\/\/8fuegos.com\/?page_id=452"},"modified":"2020-08-18T12:12:33","modified_gmt":"2020-08-18T12:12:33","slug":"our-company","status":"publish","type":"page","link":"https:\/\/8fuegos.com\/es\/our-company\/","title":{"rendered":"Nuestra compa\u00f1\u00eda"},"content":{"rendered":"<div class=\"wpb-content-wrapper\"><div data-vc-full-width=\"true\" data-vc-full-width-init=\"false\" data-vc-parallax=\"1.5\" data-vc-parallax-image=\"https:\/\/8fuegos.com\/wp-content\/uploads\/2019\/11\/our-story-back-image.jpg\" class=\"vc_row wpb_row vc_row-fluid gg-force-background-bottom vc_custom_1574418637389 vc_row-has-fill vc_general vc_parallax vc_parallax-content-moving\"><div class=\"wpb_column vc_column_container vc_col-sm-6\"><div class=\"vc_column-inner\"><div class=\"wpb_wrapper\">\n\t<div class=\"wpb_text_column wpb_content_element\" >\n\t\t<div class=\"wpb_wrapper\">\n\t\t\t<p>Somos parte de un gran negocio familiar donde todos compartimos una profunda pasi\u00f3n por los productos que vendemos y mantenemos una relaci\u00f3n muy estrecha con nuestros clientes.<\/p>\n<p>El equipo se destaca por su pasi\u00f3n, energ\u00eda y dinamismo. Crecimos con una vocaci\u00f3n muy importante centrada en la satisfacci\u00f3n de nuestros clientes. No somos una empresa m\u00e1s, somos un Holding familiar donde todos aportamos lo mejor de nosotros mismos a nuestros clientes.<\/p>\n<p>Nos preocupamos por todos los detalles para lograr una experiencia \u00fanica. Nos preocupa mucho la motivaci\u00f3n y el desarrollo de nuestro equipo y eso nos hace sentir orgullosos de sus logros.<\/p>\n<p>Nos avala una larga historia de tradici\u00f3n en la exportaci\u00f3n e importaci\u00f3n de diferentes industrias de productos que nos ha hecho crecer cada a\u00f1o hasta llegar a consolidar nuestro Holding en diferentes industrias.<\/p>\n<p>Nuestro camino y logros se centran en la satisfacci\u00f3n de nuestros clientes.<\/p>\n\n\t\t<\/div>\n\t<\/div>\n<\/div><\/div><\/div><div class=\"wpb_column vc_column_container vc_col-sm-6\"><div class=\"vc_column-inner\"><div class=\"wpb_wrapper\">\n\t<div  class=\"wpb_single_image wpb_content_element vc_align_center wpb_content_element\">\n\t\t\n\t\t<figure class=\"wpb_wrapper vc_figure\">\n\t\t\t<div class=\"vc_single_image-wrapper   vc_box_border_grey\"><img loading=\"lazy\" decoding=\"async\" width=\"369\" height=\"100\" src=\"https:\/\/8fuegos.com\/wp-content\/uploads\/2019\/12\/369x100.png\" class=\"vc_single_image-img attachment-full\" alt=\"\" title=\"369x100\" srcset=\"https:\/\/8fuegos.com\/wp-content\/uploads\/2019\/12\/369x100.png 369w, https:\/\/8fuegos.com\/wp-content\/uploads\/2019\/12\/369x100-300x81.png 300w\" sizes=\"auto, (max-width: 369px) 100vw, 369px\" \/><\/div>\n\t\t<\/figure>\n\t<\/div>\n\n\t<div class=\"title-subtitle-box\" style=\" padding: 0px 0 0 0px; text-align: center;\">\n\t\t<h1 style=\" font-size:px; line-height: normal; font-weight: bold;\" >HACEMOS REALIDAD TUS SUE\u00d1OS PARA ENRIQUECER TU GUSTO Y TU ALMA<\/h1>\n\t<\/div> <\/div><\/div><\/div><\/div><div class=\"vc_row-full-width vc_clearfix\"><\/div><div data-vc-full-width=\"true\" data-vc-full-width-init=\"false\" class=\"vc_row wpb_row vc_row-fluid vc_custom_1460974692501 vc_row-has-fill\"><div class=\"wpb_column vc_column_container vc_col-sm-12\"><div class=\"vc_column-inner\"><div class=\"wpb_wrapper\">\n\t<div class=\"title-subtitle-box\" style=\" margin-bottom:90px; text-align: left;\">\n\t\t<p style=\"\">Ocho Fuegos<\/p>\n\t\t<h1 style=\" font-weight: normal;\" >Nuestra l\u00ednea de tiempo<\/h1>\n\t<\/div> <section id=\"cd-timeline\" class=\"cd-container horizontal\">\n\t<div class=\"cd-timeline-block\">\n\t\t<div class=\"cd-timeline-img cd-picture\">\n\t\t<img decoding=\"async\" src=\"https:\/\/8fuegos.com\/wp-content\/themes\/villenoir\/images\/cd-icon-location.svg\" alt=\"Location\">\n\t\t<\/div>\n\t\t<div class=\"cd-timeline-content\">\n\t\t <img decoding=\"async\" class=\"wp-post-image\" src=\"https:\/\/8fuegos.com\/wp-content\/uploads\/2020\/02\/2.jpg\" alt=\"\" \/> \n\t\t<div class=\"cd-timeline-content-wrapper\">\n\t\t<p class=\"cd-title\">Vi\u00f1a Las Araucarias<\/p>\n\t\t<p>En 1627 comienza nuestra historia, ese a\u00f1o Don Francisco P\u00e9rez de Valenzuela comienza con la plantaci\u00f3n de la primera vi\u00f1a familiar en el Valle del Itata, siendo una de las familias pioneras en el cultivo de la uva de vino en Chile, y tambi\u00e9n parte de una de las 16 familias fundadoras de nuestro pa\u00eds.<\/p>\n<p>Later Don Benjamin Ulloa Valenzuela continues with this tradition in the De Molina, Colchagua Valley sector with the vineyard named Lomas Blancas.<\/p>\n\t\t<h4 class=\"cd-date\">1627<\/h4>\n\t\t<\/div>\n\t\t<\/div>\n\t<\/div>\n\t<div class=\"cd-timeline-block\">\n\t\t<div class=\"cd-timeline-img cd-picture\">\n\t\t<img decoding=\"async\" src=\"https:\/\/8fuegos.com\/wp-content\/themes\/villenoir\/images\/cd-icon-location.svg\" alt=\"Location\">\n\t\t<\/div>\n\t\t<div class=\"cd-timeline-content\">\n\t\t <img decoding=\"async\" class=\"wp-post-image\" src=\"https:\/\/8fuegos.com\/wp-content\/uploads\/2020\/02\/4.jpg\" alt=\"\" \/> \n\t\t<div class=\"cd-timeline-content-wrapper\">\n\t\t<p class=\"cd-title\"><\/p>\n\t\t<p>Don Benjam\u00edn y su hermano M\u00e1ximo Ulloa Valenzuela fueron part\u00edcipes de un r\u00e9cord sin precedentes en el territorio americano, en 1919 fueron los primeros en cruzar los Andes desde Santiago a Buenos Aires en una motocicleta india americana recorriendo 1.400 km, obteniendo un gran triunfo para esos a\u00f1os.<\/p>\n\t\t<h4 class=\"cd-date\">1901<\/h4>\n\t\t<\/div>\n\t\t<\/div>\n\t<\/div>\n\t<div class=\"cd-timeline-block\">\n\t\t<div class=\"cd-timeline-img cd-picture\">\n\t\t<img decoding=\"async\" src=\"https:\/\/8fuegos.com\/wp-content\/themes\/villenoir\/images\/cd-icon-location.svg\" alt=\"Location\">\n\t\t<\/div>\n\t\t<div class=\"cd-timeline-content\">\n\t\t <img decoding=\"async\" class=\"wp-post-image\" src=\"https:\/\/8fuegos.com\/wp-content\/uploads\/2019\/11\/winefactory-1.jpg\" alt=\"\" \/> \n\t\t<div class=\"cd-timeline-content-wrapper\">\n\t\t<p class=\"cd-title\"><\/p>\n\t\t<p>M\u00e1s tarde, en 1999, don Miguel Ulloa Valenzuela, hijo de don Benjam\u00edn Ulloa, ahora con 93 a\u00f1os, plant\u00f3 lo que hoy es nuestra Vi\u00f1a Org\u00e1nica Las Araucarias.<\/p>\n\t\t<h4 class=\"cd-date\">1999<\/h4>\n\t\t<\/div>\n\t\t<\/div>\n\t<\/div>\n\t<div class=\"cd-timeline-block\">\n\t\t<div class=\"cd-timeline-img cd-picture\">\n\t\t<img decoding=\"async\" src=\"https:\/\/8fuegos.com\/wp-content\/themes\/villenoir\/images\/cd-icon-location.svg\" alt=\"Location\">\n\t\t<\/div>\n\t\t<div class=\"cd-timeline-content\">\n\t\t <img decoding=\"async\" class=\"wp-post-image\" src=\"https:\/\/8fuegos.com\/wp-content\/uploads\/2020\/02\/3.jpg\" alt=\"\" \/> \n\t\t<div class=\"cd-timeline-content-wrapper\">\n\t\t<p class=\"cd-title\"><\/p>\n\t\t<p>Distribuidor de las dos compa\u00f1\u00edas chinas, Dong Feng y Yuejing Motor para Am\u00e9rica Latina.<\/p>\n\t\t<h4 class=\"cd-date\">2006<\/h4>\n\t\t<\/div>\n\t\t<\/div>\n\t<\/div>\n\t<div class=\"cd-timeline-block\">\n\t\t<div class=\"cd-timeline-img cd-picture\">\n\t\t<img decoding=\"async\" src=\"https:\/\/8fuegos.com\/wp-content\/themes\/villenoir\/images\/cd-icon-location.svg\" alt=\"Location\">\n\t\t<\/div>\n\t\t<div class=\"cd-timeline-content\">\n\t\t <img decoding=\"async\" class=\"wp-post-image\" src=\"https:\/\/8fuegos.com\/wp-content\/uploads\/2020\/02\/1.jpg\" alt=\"\" \/> \n\t\t<div class=\"cd-timeline-content-wrapper\">\n\t\t<p class=\"cd-title\"><\/p>\n\t\t<p>Los productores y exportadores de frutas frescas como cerezas, kiwis, uvas, ciruelas, aguacates, frutos secos y nueces y tambi\u00e9n dedicados a algunos otros productos, como el salm\u00f3n y los productos del mar.<\/p>\n\t\t<h4 class=\"cd-date\">2010<\/h4>\n\t\t<\/div>\n\t\t<\/div>\n\t<\/div><\/section><\/div><\/div><\/div><\/div><div class=\"vc_row-full-width vc_clearfix\"><\/div>\n<\/div>","protected":false},"excerpt":{"rendered":"We are part of a big family business where we all share a deep passion for the products we sell and maintain a very close relationship with our customers. The team stands out for its passion, energy and dynamism. We grew up with a very important vocation focused on our client\u00b4s satisfaction. We are not<br class=\"read-more-spacer\"> <a class=\"more-link\" href=\"https:\/\/8fuegos.com\/es\/our-company\/\">Read More<\/a>","protected":false},"author":1,"featured_media":621,"parent":0,"menu_order":0,"comment_status":"closed","ping_status":"closed","template":"","meta":{"footnotes":""},"class_list":["post-452","page","type-page","status-publish","has-post-thumbnail","hentry"],"_links":{"self":[{"href":"https:\/\/8fuegos.com\/es\/wp-json\/wp\/v2\/pages\/452","targetHints":{"allow":["GET"]}}],"collection":[{"href":"https:\/\/8fuegos.com\/es\/wp-json\/wp\/v2\/pages"}],"about":[{"href":"https:\/\/8fuegos.com\/es\/wp-json\/wp\/v2\/types\/page"}],"author":[{"embeddable":true,"href":"https:\/\/8fuegos.com\/es\/wp-json\/wp\/v2\/users\/1"}],"replies":[{"embeddable":true,"href":"https:\/\/8fuegos.com\/es\/wp-json\/wp\/v2\/comments?post=452"}],"version-history":[{"count":34,"href":"https:\/\/8fuegos.com\/es\/wp-json\/wp\/v2\/pages\/452\/revisions"}],"predecessor-version":[{"id":641,"href":"https:\/\/8fuegos.com\/es\/wp-json\/wp\/v2\/pages\/452\/revisions\/641"}],"wp:featuredmedia":[{"embeddable":true,"href":"https:\/\/8fuegos.com\/es\/wp-json\/wp\/v2\/media\/621"}],"wp:attachment":[{"href":"https:\/\/8fuegos.com\/es\/wp-json\/wp\/v2\/media?parent=452"}],"curies":[{"name":"wp","href":"https:\/\/api.w.org\/{rel}","templated":true}]}}