{"id":514,"date":"2019-11-21T07:48:38","date_gmt":"2019-11-21T07:48:38","guid":{"rendered":"https:\/\/8fuegos.com\/?page_id=514"},"modified":"2020-05-15T06:47:15","modified_gmt":"2020-05-15T06:47:15","slug":"grapes","status":"publish","type":"page","link":"https:\/\/8fuegos.com\/es\/grapes\/","title":{"rendered":"Uvas"},"content":{"rendered":"<div class=\"wpb-content-wrapper\"><div data-vc-full-width=\"true\" data-vc-full-width-init=\"false\" class=\"vc_row wpb_row vc_row-fluid\"><div class=\"wpb_column vc_column_container vc_col-sm-8\"><div class=\"vc_column-inner\"><div class=\"wpb_wrapper\">\n\t<div class=\"title-subtitle-box\" style=\" text-align: left;\">\n\t\t<h1 style=\" font-weight: normal;\" >Uvas<\/h1>\n\t<\/div> \n\t<div class=\"wpb_text_column wpb_content_element\" >\n\t\t<div class=\"wpb_wrapper\">\n\t\t\t<p><span style=\"font-weight: 400;\">Este crecimiento nos sit\u00faa hoy en d\u00eda con una oferta de producci\u00f3n con variedades como Red Globe, Flame Seedless, Crimson, Thompson y Arra 15. La principal caracter\u00edstica de estas variedades es la acidez y gran firmeza que les permite llegar a los mercados m\u00e1s lejanos y exigentes en muy buenas condiciones de calidad y estado.<\/span><\/p>\n\n\t\t<\/div>\n\t<\/div>\n<style>.vc_btn3-style-gradient.vc_btn-gradient-btn-69ea41e4c8e51:hover{color: #fff;background-color: #f79468;border: none;background-position: 100% 0;}<\/style><style>.vc_btn3-style-gradient.vc_btn-gradient-btn-69ea41e4c8e51{color: #fff;border: none;background-color: #f7be68;background-image: -webkit-linear-gradient(left, #f7be68 0%, #f79468 50%,#f7be68 100%);background-image: linear-gradient(to right, #f7be68 0%, #f79468 50%,#f7be68 100%);-webkit-transition: all .2s ease-in-out;transition: all .2s ease-in-out;background-size: 200% 100%;}<\/style><div class=\"vc_btn3-container vc_btn3-inline vc_do_btn\" ><a data-vc-gradient-1=\"#f7be68\" data-vc-gradient-2=\"#f79468\" class=\"vc_general vc_btn3 vc_btn3-size-md vc_btn3-shape-rounded vc_btn3-style-gradient vc_btn-gradient-btn-69ea41e4c8e51\" href=\"http:\/\/8fuegos.com\/wp-content\/uploads\/2020\/03\/Grapes.pdf\" title=\"\" target=\"_blank\">Ficha t\u00e9cnica<\/a><\/div><\/div><\/div><\/div><div class=\"wpb_column vc_column_container vc_col-sm-4\"><div class=\"vc_column-inner\"><div class=\"wpb_wrapper\">\n\t<div  class=\"wpb_single_image wpb_content_element vc_align_center wpb_content_element  chry\">\n\t\t\n\t\t<figure class=\"wpb_wrapper vc_figure\">\n\t\t\t<div class=\"vc_single_image-wrapper   vc_box_border_grey\"><img loading=\"lazy\" decoding=\"async\" width=\"568\" height=\"559\" src=\"https:\/\/8fuegos.com\/wp-content\/uploads\/2020\/02\/Grapes.jpg\" class=\"vc_single_image-img attachment-full\" alt=\"\" title=\"Uvas\" srcset=\"https:\/\/8fuegos.com\/wp-content\/uploads\/2020\/02\/Grapes.jpg 568w, https:\/\/8fuegos.com\/wp-content\/uploads\/2020\/02\/Grapes-300x295.jpg 300w\" sizes=\"auto, (max-width: 568px) 100vw, 568px\" \/><\/div>\n\t\t<\/figure>\n\t<\/div>\n<\/div><\/div><\/div><\/div><div class=\"vc_row-full-width vc_clearfix\"><\/div>\n<\/div>","protected":false},"excerpt":{"rendered":"Grapes This growth places us today with an offer of production with varieties such as Red Globe, Flame Seedless, Crimson, Thompson and Arra 15. The main characteristic of these varieties is the acidity and great firmness that allows them to reach the most distant and demanding markets in very good conditions of quality and condition.<br class=\"read-more-spacer\"> <a class=\"more-link\" href=\"https:\/\/8fuegos.com\/es\/grapes\/\">Read More<\/a>","protected":false},"author":1,"featured_media":1007,"parent":0,"menu_order":0,"comment_status":"closed","ping_status":"closed","template":"","meta":{"footnotes":""},"class_list":["post-514","page","type-page","status-publish","has-post-thumbnail","hentry"],"_links":{"self":[{"href":"https:\/\/8fuegos.com\/es\/wp-json\/wp\/v2\/pages\/514","targetHints":{"allow":["GET"]}}],"collection":[{"href":"https:\/\/8fuegos.com\/es\/wp-json\/wp\/v2\/pages"}],"about":[{"href":"https:\/\/8fuegos.com\/es\/wp-json\/wp\/v2\/types\/page"}],"author":[{"embeddable":true,"href":"https:\/\/8fuegos.com\/es\/wp-json\/wp\/v2\/users\/1"}],"replies":[{"embeddable":true,"href":"https:\/\/8fuegos.com\/es\/wp-json\/wp\/v2\/comments?post=514"}],"version-history":[{"count":39,"href":"https:\/\/8fuegos.com\/es\/wp-json\/wp\/v2\/pages\/514\/revisions"}],"predecessor-version":[{"id":995,"href":"https:\/\/8fuegos.com\/es\/wp-json\/wp\/v2\/pages\/514\/revisions\/995"}],"wp:featuredmedia":[{"embeddable":true,"href":"https:\/\/8fuegos.com\/es\/wp-json\/wp\/v2\/media\/1007"}],"wp:attachment":[{"href":"https:\/\/8fuegos.com\/es\/wp-json\/wp\/v2\/media?parent=514"}],"curies":[{"name":"wp","href":"https:\/\/api.w.org\/{rel}","templated":true}]}}