{"id":515,"date":"2019-11-21T07:48:53","date_gmt":"2019-11-21T07:48:53","guid":{"rendered":"https:\/\/8fuegos.com\/?page_id=515"},"modified":"2020-05-13T13:05:05","modified_gmt":"2020-05-13T13:05:05","slug":"fresh-cherry","status":"publish","type":"page","link":"https:\/\/8fuegos.com\/es\/fresh-cherry\/","title":{"rendered":"Cerezas"},"content":{"rendered":"<div class=\"wpb-content-wrapper\"><div data-vc-full-width=\"true\" data-vc-full-width-init=\"false\" class=\"vc_row wpb_row vc_row-fluid\"><div class=\"wpb_column vc_column_container vc_col-sm-8\"><div class=\"vc_column-inner\"><div class=\"wpb_wrapper\">\n\t<div class=\"title-subtitle-box\" style=\" text-align: left;\">\n\t\t<h1 style=\" font-weight: normal;\" >Cerezas<\/h1>\n\t<\/div> \n\t<div class=\"wpb_text_column wpb_content_element\" >\n\t\t<div class=\"wpb_wrapper\">\n\t\t\t<p><span style=\"font-weight: 400;\">Producto de primera calidad de nuestra Compa\u00f1\u00eda, que se produce desde la regi\u00f3n Metropolitana hasta el distrito de Chile Chico en la regi\u00f3n de Ays\u00e9n y se procesa entre los meses de noviembre y enero. Es un fruto de carozo que, dependiendo de la variedad, tiene una forma ovalada a cil\u00edndrica, cuyo tama\u00f1o comercial es de 22 a m\u00e1s de 30 mil\u00edmetros y su color puede variar de rojo claro a caoba oscuro. <\/span><\/p>\n\n\t\t<\/div>\n\t<\/div>\n<style>.vc_btn3-style-gradient.vc_btn-gradient-btn-69ea41e6e606e:hover{color: #fff;background-color: #f79468;border: none;background-position: 100% 0;}<\/style><style>.vc_btn3-style-gradient.vc_btn-gradient-btn-69ea41e6e606e{color: #fff;border: none;background-color: #f7be68;background-image: -webkit-linear-gradient(left, #f7be68 0%, #f79468 50%,#f7be68 100%);background-image: linear-gradient(to right, #f7be68 0%, #f79468 50%,#f7be68 100%);-webkit-transition: all .2s ease-in-out;transition: all .2s ease-in-out;background-size: 200% 100%;}<\/style><div class=\"vc_btn3-container vc_btn3-inline vc_do_btn\" ><a data-vc-gradient-1=\"#f7be68\" data-vc-gradient-2=\"#f79468\" class=\"vc_general vc_btn3 vc_btn3-size-md vc_btn3-shape-rounded vc_btn3-style-gradient vc_btn-gradient-btn-69ea41e6e606e\" href=\"http:\/\/8fuegos.com\/wp-content\/uploads\/2020\/03\/Cherries.pdf\" title=\"\" target=\"_blank\">Ficha t\u00e9cnica<\/a><\/div><\/div><\/div><\/div><div class=\"wpb_column vc_column_container vc_col-sm-4\"><div class=\"vc_column-inner\"><div class=\"wpb_wrapper\">\n\t<div  class=\"wpb_single_image wpb_content_element vc_align_center wpb_content_element  chry\">\n\t\t\n\t\t<figure class=\"wpb_wrapper vc_figure\">\n\t\t\t<div class=\"vc_single_image-wrapper   vc_box_border_grey\"><img loading=\"lazy\" decoding=\"async\" width=\"521\" height=\"524\" src=\"https:\/\/8fuegos.com\/wp-content\/uploads\/2020\/02\/Cherry-Picture.jpg\" class=\"vc_single_image-img attachment-full\" alt=\"\" title=\"Cherry Picture\" srcset=\"https:\/\/8fuegos.com\/wp-content\/uploads\/2020\/02\/Cherry-Picture.jpg 521w, https:\/\/8fuegos.com\/wp-content\/uploads\/2020\/02\/Cherry-Picture-298x300.jpg 298w, https:\/\/8fuegos.com\/wp-content\/uploads\/2020\/02\/Cherry-Picture-150x150.jpg 150w\" sizes=\"auto, (max-width: 521px) 100vw, 521px\" \/><\/div>\n\t\t<\/figure>\n\t<\/div>\n<\/div><\/div><\/div><\/div><div class=\"vc_row-full-width vc_clearfix\"><\/div>\n<\/div>","protected":false},"excerpt":{"rendered":"Cherries Premium product of our Company, which is produced from the Metropolitan region to the district of Chile Chico in the region of Aysen and is processed between the months of November and January. It is a stone fruit that, depending on the variety, has an oval to cylindrical shape, whose commercial size is from<br class=\"read-more-spacer\"> <a class=\"more-link\" href=\"https:\/\/8fuegos.com\/es\/fresh-cherry\/\">Read More<\/a>","protected":false},"author":1,"featured_media":859,"parent":0,"menu_order":0,"comment_status":"closed","ping_status":"closed","template":"","meta":{"footnotes":""},"class_list":["post-515","page","type-page","status-publish","has-post-thumbnail","hentry"],"_links":{"self":[{"href":"https:\/\/8fuegos.com\/es\/wp-json\/wp\/v2\/pages\/515","targetHints":{"allow":["GET"]}}],"collection":[{"href":"https:\/\/8fuegos.com\/es\/wp-json\/wp\/v2\/pages"}],"about":[{"href":"https:\/\/8fuegos.com\/es\/wp-json\/wp\/v2\/types\/page"}],"author":[{"embeddable":true,"href":"https:\/\/8fuegos.com\/es\/wp-json\/wp\/v2\/users\/1"}],"replies":[{"embeddable":true,"href":"https:\/\/8fuegos.com\/es\/wp-json\/wp\/v2\/comments?post=515"}],"version-history":[{"count":25,"href":"https:\/\/8fuegos.com\/es\/wp-json\/wp\/v2\/pages\/515\/revisions"}],"predecessor-version":[{"id":670,"href":"https:\/\/8fuegos.com\/es\/wp-json\/wp\/v2\/pages\/515\/revisions\/670"}],"wp:featuredmedia":[{"embeddable":true,"href":"https:\/\/8fuegos.com\/es\/wp-json\/wp\/v2\/media\/859"}],"wp:attachment":[{"href":"https:\/\/8fuegos.com\/es\/wp-json\/wp\/v2\/media?parent=515"}],"curies":[{"name":"wp","href":"https:\/\/api.w.org\/{rel}","templated":true}]}}