{"id":736,"date":"2019-12-13T11:16:45","date_gmt":"2019-12-13T11:16:45","guid":{"rendered":"https:\/\/8fuegos.com\/?page_id=736"},"modified":"2020-07-27T12:36:40","modified_gmt":"2020-07-27T12:36:40","slug":"walnuts","status":"publish","type":"page","link":"https:\/\/8fuegos.com\/es\/walnuts\/","title":{"rendered":"Nueces"},"content":{"rendered":"<div class=\"wpb-content-wrapper\"><div data-vc-full-width=\"true\" data-vc-full-width-init=\"false\" class=\"vc_row wpb_row vc_row-fluid vc_custom_1582606440274\"><div class=\"wpb_column vc_column_container vc_col-sm-8\"><div class=\"vc_column-inner\"><div class=\"wpb_wrapper\">\n\t<div class=\"title-subtitle-box\" style=\" text-align: left;\">\n\t\t<h1 style=\" font-weight: normal;\" >Nueces<\/h1>\n\t<\/div> \n\t<div class=\"wpb_text_column wpb_content_element\" >\n\t\t<div class=\"wpb_wrapper\">\n\t\t\t<p class=\"elementor-heading-title elementor-size-default\"><strong>C\u00e1scara de nuez<\/strong><br \/>\nChile es reconocido mundialmente por tener la mejor calidad de nueces del mundo, adem\u00e1s de ser el principal productor del hemisferio sur. Cada abril con nuestros mejores proveedores, exportamos las variedades Chandler y Serr en diferentes calibres desde el 30+ al 36+, en los formatos que nuestros clientes requieren.<\/p>\n\n\t\t<\/div>\n\t<\/div>\n<\/div><\/div><\/div><div class=\"wpb_column vc_column_container vc_col-sm-4\"><div class=\"vc_column-inner\"><div class=\"wpb_wrapper\">\n\t<div  class=\"wpb_single_image wpb_content_element vc_align_center wpb_content_element\">\n\t\t\n\t\t<figure class=\"wpb_wrapper vc_figure\">\n\t\t\t<div class=\"vc_single_image-wrapper   vc_box_border_grey\"><img loading=\"lazy\" decoding=\"async\" width=\"300\" height=\"300\" src=\"https:\/\/8fuegos.com\/wp-content\/uploads\/2019\/12\/img1.png\" class=\"vc_single_image-img attachment-full\" alt=\"\" title=\"img1\" srcset=\"https:\/\/8fuegos.com\/wp-content\/uploads\/2019\/12\/img1.png 300w, https:\/\/8fuegos.com\/wp-content\/uploads\/2019\/12\/img1-150x150.png 150w, https:\/\/8fuegos.com\/wp-content\/uploads\/2019\/12\/img1-140x140.png 140w\" sizes=\"auto, (max-width: 300px) 100vw, 300px\" \/><\/div>\n\t\t<\/figure>\n\t<\/div>\n<\/div><\/div><\/div><\/div><div class=\"vc_row-full-width vc_clearfix\"><\/div><div data-vc-full-width=\"true\" data-vc-full-width-init=\"false\" class=\"vc_row wpb_row vc_row-fluid vc_custom_1582888819732\"><div class=\"wpb_column vc_column_container vc_col-sm-3\"><div class=\"vc_column-inner\"><div class=\"wpb_wrapper\">\n\t<div  class=\"wpb_single_image wpb_content_element vc_align_center wpb_content_element\">\n\t\t\n\t\t<figure class=\"wpb_wrapper vc_figure\">\n\t\t\t<div class=\"vc_single_image-wrapper   vc_box_border_grey\"><img loading=\"lazy\" decoding=\"async\" width=\"233\" height=\"179\" src=\"https:\/\/8fuegos.com\/wp-content\/uploads\/2019\/12\/img2.png\" class=\"vc_single_image-img attachment-full\" alt=\"\" title=\"img2\" \/><\/div>\n\t\t<\/figure>\n\t<\/div>\n<\/div><\/div><\/div><div class=\"wpb_column vc_column_container vc_col-sm-9\"><div class=\"vc_column-inner\"><div class=\"wpb_wrapper\">\n\t<div class=\"wpb_text_column wpb_content_element\" >\n\t\t<div class=\"wpb_wrapper\">\n\t\t\t<p class=\"elementor-heading-title elementor-size-default\"><strong>Nuez de nuez<br \/>\n<\/strong>Con agrietamiento manual o mec\u00e1nico, exportamos la mejor calidad de nueces chilenas en cajas de cart\u00f3n de 10 kg, con dos bolsas de pl\u00e1stico selladas de 5 kg en atm\u00f3sfera modificada cada una. Los colores m\u00e1s comunes son Extra ligero y ligero.<\/p>\n\n\t\t<\/div>\n\t<\/div>\n<\/div><\/div><\/div><\/div><div class=\"vc_row-full-width vc_clearfix\"><\/div><div class=\"vc_row wpb_row vc_row-fluid vc_custom_1582888808324\"><div class=\"wpb_column vc_column_container vc_col-sm-12\"><div class=\"vc_column-inner\"><div class=\"wpb_wrapper\"><style>.vc_btn3-style-gradient.vc_btn-gradient-btn-69ea41d1d75a0:hover{color: #fff;background-color: #f79468;border: none;background-position: 100% 0;}<\/style><style>.vc_btn3-style-gradient.vc_btn-gradient-btn-69ea41d1d75a0{color: #fff;border: none;background-color: #f7be68;background-image: -webkit-linear-gradient(left, #f7be68 0%, #f79468 50%,#f7be68 100%);background-image: linear-gradient(to right, #f7be68 0%, #f79468 50%,#f7be68 100%);-webkit-transition: all .2s ease-in-out;transition: all .2s ease-in-out;background-size: 200% 100%;}<\/style><div class=\"vc_btn3-container vc_btn3-left vc_do_btn\" ><a data-vc-gradient-1=\"#f7be68\" data-vc-gradient-2=\"#f79468\" class=\"vc_general vc_btn3 vc_btn3-size-md vc_btn3-shape-rounded vc_btn3-style-gradient vc_btn-gradient-btn-69ea41d1d75a0\" href=\"http:\/\/8fuegos.com\/wp-content\/uploads\/2020\/02\/Chilean-Premium-Walnuts.pdf\" title=\"\" target=\"_blank\">Ficha t\u00e9cnica<\/a><\/div><\/div><\/div><\/div><\/div>\n<\/div>","protected":false},"excerpt":{"rendered":"Walnuts Walnuts Inshell Chile is recognized worldwide for having the best walnuts quality in the world, as well as being the main producer in the southern hemisphere. Every April with our best suppliers, we export Chandler and Serr varieties in different calibers from 30+ to 36+, in the formats that our customers require. Walnut Kernel<br class=\"read-more-spacer\"> <a class=\"more-link\" href=\"https:\/\/8fuegos.com\/es\/walnuts\/\">Read More<\/a>","protected":false},"author":1,"featured_media":742,"parent":0,"menu_order":0,"comment_status":"closed","ping_status":"closed","template":"","meta":{"footnotes":""},"class_list":["post-736","page","type-page","status-publish","has-post-thumbnail","hentry"],"_links":{"self":[{"href":"https:\/\/8fuegos.com\/es\/wp-json\/wp\/v2\/pages\/736","targetHints":{"allow":["GET"]}}],"collection":[{"href":"https:\/\/8fuegos.com\/es\/wp-json\/wp\/v2\/pages"}],"about":[{"href":"https:\/\/8fuegos.com\/es\/wp-json\/wp\/v2\/types\/page"}],"author":[{"embeddable":true,"href":"https:\/\/8fuegos.com\/es\/wp-json\/wp\/v2\/users\/1"}],"replies":[{"embeddable":true,"href":"https:\/\/8fuegos.com\/es\/wp-json\/wp\/v2\/comments?post=736"}],"version-history":[{"count":11,"href":"https:\/\/8fuegos.com\/es\/wp-json\/wp\/v2\/pages\/736\/revisions"}],"predecessor-version":[{"id":1095,"href":"https:\/\/8fuegos.com\/es\/wp-json\/wp\/v2\/pages\/736\/revisions\/1095"}],"wp:featuredmedia":[{"embeddable":true,"href":"https:\/\/8fuegos.com\/es\/wp-json\/wp\/v2\/media\/742"}],"wp:attachment":[{"href":"https:\/\/8fuegos.com\/es\/wp-json\/wp\/v2\/media?parent=736"}],"curies":[{"name":"wp","href":"https:\/\/api.w.org\/{rel}","templated":true}]}}