{"id":774,"date":"2020-02-05T10:51:09","date_gmt":"2020-02-05T10:51:09","guid":{"rendered":"https:\/\/8fuegos.com\/?page_id=774"},"modified":"2020-05-15T06:48:35","modified_gmt":"2020-05-15T06:48:35","slug":"plums","status":"publish","type":"page","link":"https:\/\/8fuegos.com\/es\/plums\/","title":{"rendered":"Ciruelas"},"content":{"rendered":"<div class=\"wpb-content-wrapper\"><div data-vc-full-width=\"true\" data-vc-full-width-init=\"false\" class=\"vc_row wpb_row vc_row-fluid\"><div class=\"wpb_column vc_column_container vc_col-sm-8\"><div class=\"vc_column-inner\"><div class=\"wpb_wrapper\">\n\t<div class=\"title-subtitle-box\" style=\" text-align: left;\">\n\t\t<p style=\"\">Prunus salicina<\/p>\n\t\t<h1 style=\" font-weight: normal;\" >Ciruelas<\/h1>\n\t<\/div> \n\t<div class=\"wpb_text_column wpb_content_element\" >\n\t\t<div class=\"wpb_wrapper\">\n\t\t\t<p>La zona de producci\u00f3n se extiende desde la regi\u00f3n metropolitana hasta la regi\u00f3n de O'Higgins en nuestra empresa y se cosecha desde enero hasta finales de marzo. La ciruela es un fruto de hueso, que seg\u00fan la variedad D'agen (Ciruelas de az\u00facar) puede tener una forma redonda u ovalada y presentar un color de pulpa de amarillo a rojizo. Esta fruta se caracteriza por su alto contenido de jugo, que tiene un equilibrio entre el dulzor y la acidez.<\/p>\n\n\t\t<\/div>\n\t<\/div>\n<style>.vc_btn3-style-gradient.vc_btn-gradient-btn-69ea52f0cc8e3:hover{color: #fff;background-color: #f79468;border: none;background-position: 100% 0;}<\/style><style>.vc_btn3-style-gradient.vc_btn-gradient-btn-69ea52f0cc8e3{color: #fff;border: none;background-color: #f7be68;background-image: -webkit-linear-gradient(left, #f7be68 0%, #f79468 50%,#f7be68 100%);background-image: linear-gradient(to right, #f7be68 0%, #f79468 50%,#f7be68 100%);-webkit-transition: all .2s ease-in-out;transition: all .2s ease-in-out;background-size: 200% 100%;}<\/style><div class=\"vc_btn3-container vc_btn3-inline vc_do_btn\" ><a data-vc-gradient-1=\"#f7be68\" data-vc-gradient-2=\"#f79468\" class=\"vc_general vc_btn3 vc_btn3-size-md vc_btn3-shape-rounded vc_btn3-style-gradient vc_btn-gradient-btn-69ea52f0cc8e3\" href=\"http:\/\/8fuegos.com\/wp-content\/uploads\/2020\/03\/Plums.pdf\" title=\"\" target=\"_blank\">Ficha t\u00e9cnica<\/a><\/div><\/div><\/div><\/div><div class=\"wpb_column vc_column_container vc_col-sm-4\"><div class=\"vc_column-inner\"><div class=\"wpb_wrapper\">\n\t<div  class=\"wpb_single_image wpb_content_element vc_align_center wpb_content_element  chry\">\n\t\t\n\t\t<figure class=\"wpb_wrapper vc_figure\">\n\t\t\t<div class=\"vc_single_image-wrapper   vc_box_border_grey\"><img loading=\"lazy\" decoding=\"async\" width=\"392\" height=\"381\" src=\"https:\/\/8fuegos.com\/wp-content\/uploads\/2020\/02\/Plums.jpg\" class=\"vc_single_image-img attachment-full\" alt=\"\" title=\"Ciruelas\" srcset=\"https:\/\/8fuegos.com\/wp-content\/uploads\/2020\/02\/Plums.jpg 392w, https:\/\/8fuegos.com\/wp-content\/uploads\/2020\/02\/Plums-300x292.jpg 300w\" sizes=\"auto, (max-width: 392px) 100vw, 392px\" \/><\/div>\n\t\t<\/figure>\n\t<\/div>\n<\/div><\/div><\/div><\/div><div class=\"vc_row-full-width vc_clearfix\"><\/div>\n<\/div>","protected":false},"excerpt":{"rendered":"Prunus salicina Plums The production area extends from the Metropolitan region to the region of O\u2019Higgins in our company and is harvested from January to the end of March. The plum is a stone fruit, which according to D\u00b4agen variety (Sugar Plums) can have a round or oval shape and present a pulp color from<br class=\"read-more-spacer\"> <a class=\"more-link\" href=\"https:\/\/8fuegos.com\/es\/plums\/\">Read More<\/a>","protected":false},"author":1,"featured_media":835,"parent":0,"menu_order":0,"comment_status":"closed","ping_status":"closed","template":"","meta":{"footnotes":""},"class_list":["post-774","page","type-page","status-publish","has-post-thumbnail","hentry"],"_links":{"self":[{"href":"https:\/\/8fuegos.com\/es\/wp-json\/wp\/v2\/pages\/774","targetHints":{"allow":["GET"]}}],"collection":[{"href":"https:\/\/8fuegos.com\/es\/wp-json\/wp\/v2\/pages"}],"about":[{"href":"https:\/\/8fuegos.com\/es\/wp-json\/wp\/v2\/types\/page"}],"author":[{"embeddable":true,"href":"https:\/\/8fuegos.com\/es\/wp-json\/wp\/v2\/users\/1"}],"replies":[{"embeddable":true,"href":"https:\/\/8fuegos.com\/es\/wp-json\/wp\/v2\/comments?post=774"}],"version-history":[{"count":12,"href":"https:\/\/8fuegos.com\/es\/wp-json\/wp\/v2\/pages\/774\/revisions"}],"predecessor-version":[{"id":994,"href":"https:\/\/8fuegos.com\/es\/wp-json\/wp\/v2\/pages\/774\/revisions\/994"}],"wp:featuredmedia":[{"embeddable":true,"href":"https:\/\/8fuegos.com\/es\/wp-json\/wp\/v2\/media\/835"}],"wp:attachment":[{"href":"https:\/\/8fuegos.com\/es\/wp-json\/wp\/v2\/media?parent=774"}],"curies":[{"name":"wp","href":"https:\/\/api.w.org\/{rel}","templated":true}]}}