{"id":923,"date":"2020-03-02T08:00:58","date_gmt":"2020-03-02T08:00:58","guid":{"rendered":"https:\/\/8fuegos.com\/?page_id=923"},"modified":"2020-05-13T13:31:22","modified_gmt":"2020-05-13T13:31:22","slug":"premium-wines","status":"publish","type":"page","link":"https:\/\/8fuegos.com\/es\/premium-wines\/","title":{"rendered":"VINOS PREMIUM"},"content":{"rendered":"<div class=\"wpb-content-wrapper\"><div data-vc-full-width=\"true\" data-vc-full-width-init=\"false\" class=\"vc_row wpb_row vc_row-fluid\"><div class=\"wpb_column vc_column_container vc_col-sm-8\"><div class=\"vc_column-inner\"><div class=\"wpb_wrapper\">\n\t<div class=\"title-subtitle-box\" style=\" text-align: left;\">\n\t\t<p style=\"\">8 FUEGOS<\/p>\n\t\t<h1 style=\" font-weight: normal;\" >ETIQUETA NEGRA- 8848 - MEZCLADO<\/h1>\n\t<\/div> \n\t<div class=\"wpb_text_column wpb_content_element\" >\n\t\t<div class=\"wpb_wrapper\">\n\t\t\t<p>Nuestro vino 8848 es la excelencia embotellada, algo que pocos logran; es una producci\u00f3n limitada ya que es una selecci\u00f3n de los mejores lugares de nuestro vi\u00f1edo.<\/p>\n<p>M\u00e1s tarde hacemos una nueva selecci\u00f3n de los mejores 8 barriles, todo indica que este vino ha hecho un viaje evolutivo de 18 meses.<\/p>\n<p>Esta es la representaci\u00f3n de alcanzar la m\u00e1s alta calidad y lograr el m\u00e1ximo nivel.<\/p>\n<p>Un vino equilibrado con igual armon\u00eda entre la fruta y la madera, y puede ser conservado por m\u00e1s de 8 a\u00f1os<\/p>\n<p><strong>Edici\u00f3n limitada<\/strong><\/p>\n\n\t\t<\/div>\n\t<\/div>\n<\/div><\/div><\/div><div class=\"wpb_column vc_column_container vc_col-sm-4\"><div class=\"vc_column-inner\"><div class=\"wpb_wrapper\">\n\t<div  class=\"wpb_single_image wpb_content_element vc_align_center wpb_content_element  chry\">\n\t\t\n\t\t<figure class=\"wpb_wrapper vc_figure\">\n\t\t\t<div class=\"vc_single_image-wrapper   vc_box_border_grey\"><img loading=\"lazy\" decoding=\"async\" width=\"450\" height=\"600\" src=\"https:\/\/8fuegos.com\/wp-content\/uploads\/2020\/03\/Untitled-2.jpg\" class=\"vc_single_image-img attachment-full\" alt=\"\" title=\"Untitled-2\" srcset=\"https:\/\/8fuegos.com\/wp-content\/uploads\/2020\/03\/Untitled-2.jpg 450w, https:\/\/8fuegos.com\/wp-content\/uploads\/2020\/03\/Untitled-2-225x300.jpg 225w\" sizes=\"auto, (max-width: 450px) 100vw, 450px\" \/><\/div>\n\t\t<\/figure>\n\t<\/div>\n<\/div><\/div><\/div><\/div><div class=\"vc_row-full-width vc_clearfix\"><\/div>\n<\/div>","protected":false},"excerpt":{"rendered":"8 FUEGOS BLACK LABEL\u2013 8848 \u2013 BLENDED Our 8848 wine is bottled excellence, something which few people achieve; it is a limited production as it is a selection of the best locations from our vineyard. We later make a further selection of the best 8 barrels, all told this wine has made an evolutionary journey<br class=\"read-more-spacer\"> <a class=\"more-link\" href=\"https:\/\/8fuegos.com\/es\/premium-wines\/\">Read More<\/a>","protected":false},"author":1,"featured_media":1011,"parent":0,"menu_order":0,"comment_status":"closed","ping_status":"closed","template":"","meta":{"footnotes":""},"class_list":["post-923","page","type-page","status-publish","has-post-thumbnail","hentry"],"_links":{"self":[{"href":"https:\/\/8fuegos.com\/es\/wp-json\/wp\/v2\/pages\/923","targetHints":{"allow":["GET"]}}],"collection":[{"href":"https:\/\/8fuegos.com\/es\/wp-json\/wp\/v2\/pages"}],"about":[{"href":"https:\/\/8fuegos.com\/es\/wp-json\/wp\/v2\/types\/page"}],"author":[{"embeddable":true,"href":"https:\/\/8fuegos.com\/es\/wp-json\/wp\/v2\/users\/1"}],"replies":[{"embeddable":true,"href":"https:\/\/8fuegos.com\/es\/wp-json\/wp\/v2\/comments?post=923"}],"version-history":[{"count":9,"href":"https:\/\/8fuegos.com\/es\/wp-json\/wp\/v2\/pages\/923\/revisions"}],"predecessor-version":[{"id":1009,"href":"https:\/\/8fuegos.com\/es\/wp-json\/wp\/v2\/pages\/923\/revisions\/1009"}],"wp:featuredmedia":[{"embeddable":true,"href":"https:\/\/8fuegos.com\/es\/wp-json\/wp\/v2\/media\/1011"}],"wp:attachment":[{"href":"https:\/\/8fuegos.com\/es\/wp-json\/wp\/v2\/media?parent=923"}],"curies":[{"name":"wp","href":"https:\/\/api.w.org\/{rel}","templated":true}]}}